{"id":141,"date":"2021-01-23T16:17:36","date_gmt":"2021-01-23T15:17:36","guid":{"rendered":"https:\/\/www.ratatoj.it\/?page_id=141"},"modified":"2021-01-26T00:27:07","modified_gmt":"2021-01-25T23:27:07","slug":"superarti","status":"publish","type":"page","link":"https:\/\/www.ratatoj.it\/index.php\/superarti\/","title":{"rendered":"SuperARTI"},"content":{"rendered":"\n<p>SuperARTI \u00e8 un progetto di formazione e programmazione partecipata per artisti e creativi promossa da Ratatoj APS, in collaborazione con Arci Cuneo-Monviso.\u00a0<br>E\u2019 stato promosso attraverso una <strong>campagna di raccolta fondi<\/strong> su EPPELA e sostenuto dalla fondazione Sviluppo e Crescita di CRT.<br>L\u2019obiettivo \u00e8 quello di costituire una rete di creativi da coinvolgere nella realizzazione di progetti E attivit\u00e0 per favorire connessioni, crescita, sviluppo artistico e culturale nella provincia Granda.\u00a0<br>Il progetto prevede un percorso di formazione con il supporto di un team ricco di esperienza nel campo dell\u2019organizzazione di eventi culturali e una parte di programmazione partecipata finalizzata alla realizzazione di progetti economicamente sostenibili. Sar\u00e0 a disposizione una vetrina come il Cinema Teatro Magda Olivero di Saluzzo, che vanta oltre 1700 spettatori al mese ed \u00e8 al centro della vita culturale del saluzzese.<\/p>\n\n\n\n<p>Con questo progetto si intende sviluppare:<br>La promozione della cultura sia come prodotto sia come strumento per la crescita della collettivit\u00e0 valorizzando l\u2019intergenerazionalit\u00e0;<br>La crescita culturale attraverso tre linguaggi: musica, cinema e teatro;&nbsp;<br>Il potenziamento dell\u2019attivit\u00e0 di comunicazione attraverso la narrazione del progetto superARTI sui social network e attraverso i mezzi stampa, favorendo lo sviluppo dell\u2019identit\u00e0 del Cinema Teatro Magda Olivero come spazio attivo e fulcro dell&#8217;offerta culturale del territorio ma anche come ambiente dinamico e aperto allo scambio, pronto a cogliere il fermento locale e permetterne la contaminazione, la valorizzazione e il confronto.<\/p>\n\n\n\n<p>Nel 2020 il progetto, ripensato in una logica pi\u00f9 europea, \u00e8 stato finanziato dal bando <strong>culture of solidarity<\/strong> fund della<strong> European Cultural Fundation<\/strong> in collaborazione con CRT e CRC: di seguito l\u2019abstract:<\/p>\n\n\n\n<p>Le cronache registrano in maniera preoccupante un&#8217;inadeguata conoscenza delle istituzioni e delle ragioni europee e una mancata consapevolezza &#8211; non solo tra i pi\u00f9 giovani &#8211; della propria cittadinanza europea. I valori della societ\u00e0 occidentale vengono messi sempre pi\u00f9 in discussione dall\u2019esterno (dal terrorismo religioso radicale) ma anche dall\u2019interno (dai populismi che vedono nel mito della \u201cforza\u201d un sinonimo di sopravvivenza). L\u2019obiettivo del progetto \u00e8 quindi stimolare una riflessione sullo spazio pubblico europeo come luogo comune di produzione politica e culturale condivisa.<br>Ci\u00f2 necessita un approccio in grado di gestire le sfide sociali&nbsp; dove i luoghi culturali sono quegli spazi che, per primi, possono essere portatori di nuovi valori, nuovi modi di vivere e di agire. Con questo progetto Ratatoj propone di far sperimentare ai giovani esperienze di produzione, organizzazione e promozione artistica e culturale, vivendole all\u2019interno di un teatro in una piccola cittadina del nord Italia: Saluzzo; l\u2019obiettivo \u00e8 quello di fornire ai giovani partecipanti europei gli strumenti culturali necessari per diventare Cittadini Europei pi\u00f9 consapevoli<\/p>\n","protected":false},"excerpt":{"rendered":"<p>SuperARTI \u00e8 un progetto di formazione e programmazione partecipata per artisti e creativi promossa da Ratatoj APS, in collaborazione con Arci Cuneo-Monviso.\u00a0E\u2019 stato promosso attraverso una campagna di raccolta fondi su EPPELA e sostenuto dalla fondazione Sviluppo e Crescita di CRT.L\u2019obiettivo \u00e8 quello di costituire una rete di creativi da coinvolgere nella realizzazione di progetti [&hellip;]<\/p>\n","protected":false},"author":1,"featured_media":101,"parent":0,"menu_order":0,"comment_status":"closed","ping_status":"closed","template":"","meta":[],"_links":{"self":[{"href":"https:\/\/www.ratatoj.it\/index.php\/wp-json\/wp\/v2\/pages\/141"}],"collection":[{"href":"https:\/\/www.ratatoj.it\/index.php\/wp-json\/wp\/v2\/pages"}],"about":[{"href":"https:\/\/www.ratatoj.it\/index.php\/wp-json\/wp\/v2\/types\/page"}],"author":[{"embeddable":true,"href":"https:\/\/www.ratatoj.it\/index.php\/wp-json\/wp\/v2\/users\/1"}],"replies":[{"embeddable":true,"href":"https:\/\/www.ratatoj.it\/index.php\/wp-json\/wp\/v2\/comments?post=141"}],"version-history":[{"count":2,"href":"https:\/\/www.ratatoj.it\/index.php\/wp-json\/wp\/v2\/pages\/141\/revisions"}],"predecessor-version":[{"id":628,"href":"https:\/\/www.ratatoj.it\/index.php\/wp-json\/wp\/v2\/pages\/141\/revisions\/628"}],"wp:featuredmedia":[{"embeddable":true,"href":"https:\/\/www.ratatoj.it\/index.php\/wp-json\/wp\/v2\/media\/101"}],"wp:attachment":[{"href":"https:\/\/www.ratatoj.it\/index.php\/wp-json\/wp\/v2\/media?parent=141"}],"curies":[{"name":"wp","href":"https:\/\/api.w.org\/{rel}","templated":true}]}}