{"id":290,"date":"2021-01-25T16:35:29","date_gmt":"2021-01-25T15:35:29","guid":{"rendered":"https:\/\/www.ratatoj.it\/?page_id=290"},"modified":"2022-10-08T14:32:10","modified_gmt":"2022-10-08T12:32:10","slug":"animazione-culturale-durante-il-lockdown","status":"publish","type":"page","link":"https:\/\/www.ratatoj.it\/index.php\/animazione-culturale-durante-il-lockdown\/","title":{"rendered":"Animazione culturale &#8220;On Line&#8221; durante il lockdown"},"content":{"rendered":"\n<p>Nel mese di Maggio 2020, a seguito del lockdown nazionale imposto dal Governo per il contenimento del CODIV19, il Cinema Teatro Magda Olivero \u00e8 sostenuto dal bando Rincontriamoci promosso da Compagnia di San Paolo. Di seguito l\u2019abstract della nostra proposta:<\/p>\n\n\n\n<p>La sospensione di tutte le iniziative ed il lavoro di prossimit\u00e0 ha comportato lo sgretolamento delle consolidata rete di relazioni fondamentali per lo sviluppo delle progetto CTMO. Nello specifico sono stati annullati gli appuntamenti teatrali relativi alla stagione del Comune di Saluzzo con Piemonte Dal Vivo, gli spettacoli amatoriali, scolastici ed i saggi di fine anno; la programmazione cinematografica concordata con AIACE, UCCA e Piemonte Movie; Piemonte Jazz Festival (Pdv) e spettacoli musicali del circuito indipendente.<\/p>\n\n\n\n<p>Abbiamo aperto un tavolo di dialogo con soggetti sul territorio nazionale, promuovendo diverse iniziative: Solidariet\u00e0 Virale: compatibilmente con le norme di prevenzione, raccolta e distribuzione di generi di prima necessit\u00e0 in rete con le altre associazioni del territorio; Resistenza Virale: attraverso le diverse modalit\u00e0 online abbiamo coordinato assemblee, concerti, proiezioni cinematografiche, dimostrando ancora una volta l&#8217;importanza dell&#8217;associazionismo anche a livello locale;&nbsp;<\/p>\n\n\n\n<p>La socialit\u00e0 e la cultura diffusa promossa da spazi come il CTMO saranno pi\u00f9 che mai necessarie per contrastare gli effetti della paura e dell\u2019isolamento, anche per riprendere quei percorsi di protagonismo, di identit\u00e0 e di legami. Pensiamo che sia necessario un investimento per riorganizzare gli spazi nell\u2019ottica del distanziamento fisico, per promuovere un rapporto stabile con i volontari dello spazio e i cittadini recuperando l\u2019operativit\u00e0 sociale, favorendo le attivit\u00e0 laboratoriali ed i servizi come quello del Gruppo di Acquisto Solidale.&nbsp;<\/p>\n\n\n\n<p>Contestualmente riorientare le attivit\u00e0 culturali in un <strong>palinsesto online <\/strong>(CTMO LIVE), creando contenuti originali al CTMO programmando un calendario per 12 mesi: concerti, approfondimenti cinematografici e proiezioni con AIACE e SINEMAH, podcast radiofonici su tematiche di interesse, privilegiando la partecipazione territoriale; in questo modo favoriamo il bisogno di una nuova socialit\u00e0 e la vicinanza alle iniziative culturali locali.<\/p>\n\n\n\n<p>Giorno della Memoria &#8211; on line: <a href=\"https:\/\/fb.watch\/g19wbPbftW\/\">https:\/\/fb.watch\/g19wbPbftW\/<\/a><\/p>\n\n\n\n<p>CTMO Live &#8211; Headkube: <a href=\"https:\/\/fb.watch\/g19jmH98HL\/\">https:\/\/fb.watch\/g19jmH98HL\/<\/a><\/p>\n\n\n\n<p>CTMO Live &#8211; Red Fryk Hey: <a href=\"https:\/\/fb.watch\/g19tvaJJnK\/\">https:\/\/fb.watch\/g19tvaJJnK\/<\/a><\/p>\n\n\n\n<p>Festa della Donna &#8211; performance on line: <a href=\"https:\/\/fb.watch\/g19x_EvYRO\/\">https:\/\/fb.watch\/g19x_EvYRO\/<\/a><\/p>\n\n\n\n<p>Tutte le 15 puntate di CTMO Live:<\/p>\n\n\n\n<p><a href=\"https:\/\/www.facebook.com\/watch\/527379561035483\/409246017185953\/\">https:\/\/www.facebook.com\/watch\/527379561035483\/409246017185953\/<\/a><\/p>\n","protected":false},"excerpt":{"rendered":"<p>Nel mese di Maggio 2020, a seguito del lockdown nazionale imposto dal Governo per il contenimento del CODIV19, il Cinema Teatro Magda Olivero \u00e8 sostenuto dal bando Rincontriamoci promosso da Compagnia di San Paolo. Di seguito l\u2019abstract della nostra proposta: La sospensione di tutte le iniziative ed il lavoro di prossimit\u00e0 ha comportato lo sgretolamento [&hellip;]<\/p>\n","protected":false},"author":1,"featured_media":291,"parent":0,"menu_order":0,"comment_status":"closed","ping_status":"closed","template":"","meta":[],"_links":{"self":[{"href":"https:\/\/www.ratatoj.it\/index.php\/wp-json\/wp\/v2\/pages\/290"}],"collection":[{"href":"https:\/\/www.ratatoj.it\/index.php\/wp-json\/wp\/v2\/pages"}],"about":[{"href":"https:\/\/www.ratatoj.it\/index.php\/wp-json\/wp\/v2\/types\/page"}],"author":[{"embeddable":true,"href":"https:\/\/www.ratatoj.it\/index.php\/wp-json\/wp\/v2\/users\/1"}],"replies":[{"embeddable":true,"href":"https:\/\/www.ratatoj.it\/index.php\/wp-json\/wp\/v2\/comments?post=290"}],"version-history":[{"count":4,"href":"https:\/\/www.ratatoj.it\/index.php\/wp-json\/wp\/v2\/pages\/290\/revisions"}],"predecessor-version":[{"id":678,"href":"https:\/\/www.ratatoj.it\/index.php\/wp-json\/wp\/v2\/pages\/290\/revisions\/678"}],"wp:featuredmedia":[{"embeddable":true,"href":"https:\/\/www.ratatoj.it\/index.php\/wp-json\/wp\/v2\/media\/291"}],"wp:attachment":[{"href":"https:\/\/www.ratatoj.it\/index.php\/wp-json\/wp\/v2\/media?parent=290"}],"curies":[{"name":"wp","href":"https:\/\/api.w.org\/{rel}","templated":true}]}}