{"id":733,"date":"2022-11-03T15:48:51","date_gmt":"2022-11-03T14:48:51","guid":{"rendered":"http:\/\/www.ratatoj.it\/?page_id=733"},"modified":"2022-11-03T15:48:51","modified_gmt":"2022-11-03T14:48:51","slug":"contesti-capacitanti","status":"publish","type":"page","link":"https:\/\/www.ratatoj.it\/index.php\/contesti-capacitanti\/","title":{"rendered":"Contesti Capacitanti"},"content":{"rendered":"\n<p><strong>Contesti Capacitanti<\/strong> &#8211; <strong>Pratiche culturali per riattivare la fiducia dei giovani Neet<\/strong><\/p>\n\n\n\n<p>Progetto realizzato grazie al contributo del\u00a0<strong>Ministero del lavoro e delle politiche sociali<\/strong>\u00a0<em>Direzione Generale del terzo settore e della responsabilit\u00e0 sociale delle imprese<\/em>,\u00a0in collaborazione con\u00a0<strong>Regione Piemonte<\/strong>\u00a0<em>Direzione Sanit\u00e0 e Welfare \u2013 Settore Politiche per i bambini, le famiglie, minori e giovani, sostegno alle situazioni di fragilit\u00e0 sociale<\/em> <em>(Bando 6)<\/em><br><strong>Settembre 2022 &#8211; Luglio 2023<\/strong><\/p>\n\n\n\n<p><strong>Enti componenti della partnership interassociativa<\/strong>:<br><strong>Ratatoj APS<\/strong> (capofila del progetto)<br>B612 Lab APS<\/p>\n\n\n\n<p><strong>Enti Collaboratori:<\/strong><br>&#8211; Comuni: Comune di Saluzzo, Comune di Venasca, Comune di Isasca, Comune di Melle, Comune di Rifreddo, Comune di Sanfront, Comune di Paesana, Comune di Ostana, Comune di Gambasca, Comune di Manta, Comune di Verzuolo;<br>&#8211; Istituti di istruzione superiore: IIS G. Soleri-Bertoni, IIS Denina-Pellico, Liceo G. B. Bodoni;<br>&#8211; Altri soggetti: Agenzia Piemonte Lavoro &#8211; Centro per l\u2019impiego di Saluzzo, Consorzio Monviso Solidale, Cooperativa Armonia, Cooperativa Caracol, Societ\u00e0 Solidale CSV di Cuneo, Segnal\u2019Etica.<\/p>\n\n\n\n<p><strong>OBIETTIVI GENERALI DEL PROGETTO e AREE PRIORITARIE DI INTERVENTO<\/strong><\/p>\n\n\n\n<p>Fornire un&#8217;educazione di qualit\u00e0, equa ed inclusiva, e opportunit\u00e0 di apprendimento permanente per tutti: promuovendo e sviluppando l\u2019integrazione sociale e l\u2019educazione inclusiva, anche attraverso interventi di accompagnamento e di inclusione a favore dei giovani Neet (fascia 15\/29 anni)<\/p>\n\n\n\n<p><em>Assicurare la salute e il benessere per tutti e per tutte le et\u00e0:<\/em> prevenzione e contrasto delle dipendenze, inclusa la ludopatia; contrasto delle condizioni di fragilit\u00e0 e di svantaggio &nbsp; della persona al fine di intervenire sui fenomeni di marginalit\u00e0 e di esclusione sociale; sviluppo e rafforzamento dei legami sociali, da promuovere all\u2019interno di aree urbane o extraurbane disgregate o disagiate<\/p>\n\n\n\n<p><strong>OBIETTIVI SPECIFICI<\/strong><\/p>\n\n\n\n<ul><li>Riattivare la fiducia nei confronti dei giovani Neet favorendo spazi di confronto aperto con gli altri e di dialogo tra pari, utilizzando pratiche <em>arts-based<\/em> di immaginazione di futuri possibili come strumento per stimolare il pensiero critico, problematizzare il contesto in cui si vive immaginando nuovi scenari<\/li><li>Migliorare l\u2019ambiente strutturale attraverso approcci di <em>capacity-building <\/em>affinch\u00e9 si acquisisca la capacit\u00e0 necessaria per intervenire sulla propria condizione diventando i soggetti del cambiamento. La produzione culturale, pi\u00f9 ancora che la semplice fruizione, consente di sperimentare la partecipazione sociale e il senso di comunit\u00e0, positivamente correlati con la sfera dell&#8217;interazione sociale, con il contenimento dei comportamenti a rischio e con il successo scolastico&nbsp;<\/li><li>Rafforzare le Collaborazioni ed i partenariati tra il settore della cultura, quello sociale e gli enti amministrativi: intervenire in modo capillare sul territorio favorendo possibilit\u00e0 concrete di accesso a percorsi lavorativi, utilizzando le esperienze fatte e le competenze sviluppate con i nuovi media&nbsp;<\/li><\/ul>\n\n\n\n<p><strong>AZIONI PREVISTE<\/strong><\/p>\n\n\n\n<p>WP1. <em>Tavolo di coordinamento con i soggetti culturali<\/em>, sociali ed amministrativi attivi sul progetto per determinare pratiche e metodologie di azione per il coinvolgimento dei giovani, in particolare i Neet nella fascia 15\/29.&nbsp;<\/p>\n\n\n\n<p>WP2. <em>Ingaggio<\/em>: azione svolta dagli operatori sociali per individuare, anche attraverso i contatti esistenti, i contatti con gli enti locali e le scuole, il target di giovani necessario ai fini del progetto.<\/p>\n\n\n\n<p>WP3. <em>Riattivazione: laboratori sui futuri possibili<\/em>. I giovani coinvolti, insieme all\u2019operatore sociale e all\u2019operatore culturale parteciperanno ad un laboratorio sui futuri possibili per raccogliere idee e stimoli utilizzando i linguaggi artistici della musica, del cinema e del teatro<\/p>\n\n\n\n<p>WP4.<em> Formazione e capacity building:<\/em> prevede il lavoro congiunto dell\u2019operatore di comunit\u00e0 e dell\u2019operatore culturale, per favorire azioni di formazione sugli strumenti artistici, sugli eventi culturali e momenti di capacity building aperti all\u2019intera comunit\u00e0, con professionisti a vario titolo<\/p>\n\n\n\n<p>WP5. <em>Fruizione culturale: <\/em>i giovani coinvolti nel progetto avranno la possibilit\u00e0 di fruire gratuitamente delle iniziative artistiche proposte dalla rete dei partner e da altri soggetti culturali del territorio, favorendo cos\u00ec il contesto relazionale ed esperienziale.&nbsp;&nbsp;<\/p>\n\n\n\n<p>WP6. <em>Co-progettazione di iniziative culturali: <\/em>attraverso l\u2019utilizzo dei linguaggi artistici si vuole stimolare ed incoraggiare i giovani a prendere impegni concreti ed a sperimentare le modalit\u00e0 del lavoro culturale, mettendo alla prova le competenze acquisite. Contestualmente i giovani ingaggiati, anche attraverso accordi specifici con gli enti culturali e le istituzioni del territorio, potranno essere inseriti a livello lavorativo da supporto all\u2019organizzazione di eventi, alla comunicazione di iniziative territoriali e al supporto logistico e amministrativo.&nbsp;<br>WP7.<em> Comunicazione e Disseminazione:<\/em> sviluppo di una strategia di comunicazione in una logica bottom up con i giovani coinvolti nelle iniziative di progetto in affiancamento agli enti collaboratori.<\/p>\n","protected":false},"excerpt":{"rendered":"<p>Contesti Capacitanti &#8211; Pratiche culturali per riattivare la fiducia dei giovani Neet Progetto realizzato grazie al contributo del\u00a0Ministero del lavoro e delle politiche sociali\u00a0Direzione Generale del terzo settore e della responsabilit\u00e0 sociale delle imprese,\u00a0in collaborazione con\u00a0Regione Piemonte\u00a0Direzione Sanit\u00e0 e Welfare \u2013 Settore Politiche per i bambini, le famiglie, minori e giovani, sostegno alle situazioni di [&hellip;]<\/p>\n","protected":false},"author":1,"featured_media":734,"parent":0,"menu_order":0,"comment_status":"closed","ping_status":"closed","template":"","meta":[],"_links":{"self":[{"href":"https:\/\/www.ratatoj.it\/index.php\/wp-json\/wp\/v2\/pages\/733"}],"collection":[{"href":"https:\/\/www.ratatoj.it\/index.php\/wp-json\/wp\/v2\/pages"}],"about":[{"href":"https:\/\/www.ratatoj.it\/index.php\/wp-json\/wp\/v2\/types\/page"}],"author":[{"embeddable":true,"href":"https:\/\/www.ratatoj.it\/index.php\/wp-json\/wp\/v2\/users\/1"}],"replies":[{"embeddable":true,"href":"https:\/\/www.ratatoj.it\/index.php\/wp-json\/wp\/v2\/comments?post=733"}],"version-history":[{"count":1,"href":"https:\/\/www.ratatoj.it\/index.php\/wp-json\/wp\/v2\/pages\/733\/revisions"}],"predecessor-version":[{"id":735,"href":"https:\/\/www.ratatoj.it\/index.php\/wp-json\/wp\/v2\/pages\/733\/revisions\/735"}],"wp:featuredmedia":[{"embeddable":true,"href":"https:\/\/www.ratatoj.it\/index.php\/wp-json\/wp\/v2\/media\/734"}],"wp:attachment":[{"href":"https:\/\/www.ratatoj.it\/index.php\/wp-json\/wp\/v2\/media?parent=733"}],"curies":[{"name":"wp","href":"https:\/\/api.w.org\/{rel}","templated":true}]}}