{"id":737,"date":"2022-11-03T16:27:02","date_gmt":"2022-11-03T15:27:02","guid":{"rendered":"http:\/\/www.ratatoj.it\/?page_id=737"},"modified":"2022-11-03T16:27:02","modified_gmt":"2022-11-03T15:27:02","slug":"diritti-e-rovesci","status":"publish","type":"page","link":"https:\/\/www.ratatoj.it\/index.php\/diritti-e-rovesci\/","title":{"rendered":"Diritti e Rovesci"},"content":{"rendered":"\n<p><strong>Diritti e Rovesci<\/strong>&nbsp;\u00e8 parte della stagione cinematografica del Cinema Teatro Magda Olivero 2021\/2022. Il nostro obiettivo \u00e8 quello di riportare<strong>&nbsp;il cinema di qualit\u00e0<\/strong>&nbsp;nella sala, rimasta chiusa a lungo per contrastare la pandemia. Il progetto \u00e8 un contenitore in cui trovano spazio temi e argomenti che toccano direttamente la comunit\u00e0 saluzzese, e che generale sono la conseguenza di mutamenti demografici e culturali degli ultimi decenni.<\/p>\n\n\n\n<p>Proprio perch\u00e9 consideriamo la cultura come relazione, il linguaggio cinematografico sar\u00e0 lo strumento principe attraverso il quale cittadini, autori, il mondo dell\u2019associazionismo e istituzioni locali, rifletteranno e si confronteranno in una logica trasformativa. La stagione cinematografica sar\u00e0 caratterizzata da due incontri mensili, di cui uno destinato a famiglie e bambini e l\u2019altro dedicato a ingaggiare gruppi formali o informali interessati al tema del film. La conoscenza e la riflessione, propria dello strumento cinematografico, saranno indirizzate a immaginare alternative alle diverse forme di negazione dei diritti, anche quelli quotidiani. Alcuni dei temi affrontati attraverso le proiezioni saranno: l\u2019ambiente e la giustizia intergenerazionale, il diritto alla casa e al lavoro, le disuguaglianze e le violenze di genere, i diritti dei minori, la convivenza pacifica. L\u2019obiettivo \u00e8 quello di responsabilizzare la comunit\u00e0 in merito alle tematiche affrontate, diffondendo buone pratiche di produzione culturale.<\/p>\n\n\n\n<p>Il risultato generale \u00e8 quello di promuovere un\u2019ampia riflessione sul tema dei diritti civili e sociali. Nello specifico:\u00a0<\/p>\n\n\n\n<ul><li>Stimolare una cittadinanza consapevole delle vulnerabilit\u00e0 sociali;<\/li><li>Far conoscere buone pratiche di progetti nazionali relativi alla tutela e alla promozione dei diritti;\u00a0<\/li><li>Favorire la fruizione di film e documentari con minore diffusione commerciale;\u00a0<\/li><li>Potenziare l\u2019offerta cinematografica in provincia;<\/li><li>Promuovere la partecipazione attiva degli adolescenti sia nella attivazione della campagna di raccolta fondi che nella programmazione culturale del territorio.<\/li><\/ul>\n\n\n\n<p><em>Partner: AIACE, UCCA, AIACE, Piemonte Movie<\/em><\/p>\n\n\n\n<p>Progetto finanziato da Fondazione CRC &#8211; e piattaforma Crowdfunding Rete del Dono<\/p>\n","protected":false},"excerpt":{"rendered":"<p>Diritti e Rovesci&nbsp;\u00e8 parte della stagione cinematografica del Cinema Teatro Magda Olivero 2021\/2022. Il nostro obiettivo \u00e8 quello di riportare&nbsp;il cinema di qualit\u00e0&nbsp;nella sala, rimasta chiusa a lungo per contrastare la pandemia. Il progetto \u00e8 un contenitore in cui trovano spazio temi e argomenti che toccano direttamente la comunit\u00e0 saluzzese, e che generale sono la [&hellip;]<\/p>\n","protected":false},"author":1,"featured_media":738,"parent":0,"menu_order":0,"comment_status":"closed","ping_status":"closed","template":"","meta":[],"_links":{"self":[{"href":"https:\/\/www.ratatoj.it\/index.php\/wp-json\/wp\/v2\/pages\/737"}],"collection":[{"href":"https:\/\/www.ratatoj.it\/index.php\/wp-json\/wp\/v2\/pages"}],"about":[{"href":"https:\/\/www.ratatoj.it\/index.php\/wp-json\/wp\/v2\/types\/page"}],"author":[{"embeddable":true,"href":"https:\/\/www.ratatoj.it\/index.php\/wp-json\/wp\/v2\/users\/1"}],"replies":[{"embeddable":true,"href":"https:\/\/www.ratatoj.it\/index.php\/wp-json\/wp\/v2\/comments?post=737"}],"version-history":[{"count":1,"href":"https:\/\/www.ratatoj.it\/index.php\/wp-json\/wp\/v2\/pages\/737\/revisions"}],"predecessor-version":[{"id":739,"href":"https:\/\/www.ratatoj.it\/index.php\/wp-json\/wp\/v2\/pages\/737\/revisions\/739"}],"wp:featuredmedia":[{"embeddable":true,"href":"https:\/\/www.ratatoj.it\/index.php\/wp-json\/wp\/v2\/media\/738"}],"wp:attachment":[{"href":"https:\/\/www.ratatoj.it\/index.php\/wp-json\/wp\/v2\/media?parent=737"}],"curies":[{"name":"wp","href":"https:\/\/api.w.org\/{rel}","templated":true}]}}