{"id":773,"date":"2023-03-23T10:56:53","date_gmt":"2023-03-23T09:56:53","guid":{"rendered":"http:\/\/www.ratatoj.it\/?page_id=773"},"modified":"2023-03-23T11:01:28","modified_gmt":"2023-03-23T10:01:28","slug":"green-days-festival-25-27-marzo-2023","status":"publish","type":"page","link":"https:\/\/www.ratatoj.it\/index.php\/green-days-festival-25-27-marzo-2023\/","title":{"rendered":"Green Days Festival, 25-27 marzo 2023"},"content":{"rendered":"\n<p><strong>GREEN DAYS: cultura, arte e sostenibilit\u00e0<\/strong><br>Saluzzo, Cinema Teatro Magda Olivero<\/p>\n\n\n\n<p><strong>La Sostenibilit\u00e0 va a Teatro<\/strong><br><strong><em>Prima Edizione<\/em><\/strong><\/p>\n\n\n\n<p>La sostenibilit\u00e0 declinata tramite diversi linguaggi: musica, teatro e cinema<\/p>\n\n\n\n<figure class=\"wp-block-image size-large\"><img loading=\"lazy\" width=\"1024\" height=\"541\" src=\"http:\/\/www.ratatoj.it\/wp-content\/uploads\/coop_fb-1-1024x541.jpg\" alt=\"\" class=\"wp-image-776\" srcset=\"https:\/\/www.ratatoj.it\/wp-content\/uploads\/coop_fb-1-1024x541.jpg 1024w, https:\/\/www.ratatoj.it\/wp-content\/uploads\/coop_fb-1-300x158.jpg 300w, https:\/\/www.ratatoj.it\/wp-content\/uploads\/coop_fb-1-768x406.jpg 768w, https:\/\/www.ratatoj.it\/wp-content\/uploads\/coop_fb-1-1536x812.jpg 1536w, https:\/\/www.ratatoj.it\/wp-content\/uploads\/coop_fb-1.jpg 2048w\" sizes=\"(max-width: 1024px) 100vw, 1024px\" \/><\/figure>\n\n\n\n<p>Si svolger\u00e0 dal 25 al 27 marzo la prima edizione del <strong>CTMO Green Days<\/strong>, un festival multidisciplinare dedicato al tema della sostenibilit\u00e0, organizzato e ideato da <strong>Ratatoj APS<\/strong>, in collaborazione con il Comune e finanziato tramite crowdfunding. Musica, cinema e teatro sono i linguaggi artistici che animeranno i tre giorni di eventi presso il Cinema Teatro Magda Olivero di Saluzzo.<br>Durante la rassegna verr\u00e0 presentato il <strong>manifesto <\/strong><em><strong>\u201cLa Sostenibilit\u00e0 va a Teatro\u201d<\/strong> <\/em>prodotto collettivamente in seguito ad un lavoro di ricerca del gruppo di Ratatoj Aps, per promuovere e riflettere sulle buone pratiche sostenibili degli enti culturali: <em>\u201cOggi parlare di sostenibilit\u00e0 non \u00e8 soltanto mettere in atto procedimenti tecnologici per il superamento dei fattori di rischio per l\u2019ambiente, ma vuol dire lavorare alla creazione di una \u201ccultura della sostenibilit\u00e0\u201d, cio\u00e8 diffondere idee e temi legati a questioni ambientali, sociali, economiche ed etiche\u201d .<\/em><\/p>\n\n\n\n<p>Ratatoj APS, anche attraverso le attivit\u00e0 sviluppate al Cinema Teatro Magda Olivero, sceglie di porsi come un doppio punto di riferimento per la promozione non solo delle arti, ma di una nuova e rinnovata cultura della sostenibilit\u00e0: con i \u201cCTMO Green Days\u201d il Cinema Teatro, identificato come luogo di condivisione culturale, diventa lo spazio fisico e simbolico dove sostenibilit\u00e0 e cultura si incontrano.<\/p>\n\n\n\n<p>I temi affrontati sono \u201c<strong>Musica e cambiamenti climatici<\/strong>\u201d, sabato 25 marzo, con il concerto dei Marlene Kuntz, che con il loro \u201cKarma Klima Tour\u201d, a seguito del loro ultimo lavoro discografico e progetto esperienziale, affrontano il tema urgentissimo del cambiamento climatico e della sostenibilit\u00e0 ambientale, problemi contro i quali i principali governi mondiali non riescono a trovare una direzione univoca, procurando danni irreparabili all\u2019intero ecosistema.<br>Il festival proseguir\u00e0 nel tardo pomeriggio di domenica 26: alle ore 18 nel Foyer del Magda Olivero si affronter\u00e0 il dialogo \u201c<strong>Teatro e Natura<\/strong>\u201d attraverso lo spettacolo \u201cVoci dal Bosco\u201d della compagnia Teatro Selvatico, nel quale l\u2019attrice protagonista si fa cos\u00ec portavoce di racconti, miti e leggende che legano gli uomini e le piante da tempi immemorabili.<br>Il terzo tema affrontato sar\u00e0 \u201c<strong>Cinema e diritti<\/strong>\u201d: la serata di luned\u00ec 27, dedicata alla rassegna \u201cLuned\u00ec Cinema\u201d, sar\u00e0 occupata dalla proiezione del film \u201cSorry we missed you\u201d di Ken Loach che racconta l\u2019impatto sociale del \u201cnuovo\u201d mondo del lavoro: quello che l\u2019economia globalizzata delle grandi aziende on line ha messo in piedi.<\/p>\n\n\n\n<p><strong>Musica e cambiamenti climatici <\/strong>&#8211; <strong>Sabato 25 marzo, ore 21.30<br>MARLENE KUNTZ<br>\u201cKARMA KLIMA TOUR\u201d<\/strong><br>Ingresso euro 20 <\/p>\n\n\n\n<p><strong><em>Teatro e natura<\/em> \u2013 Domenica 26 marzo, ore 18.00, Foyer del Teatro<\/strong><br>TEATRO SELVATICO<br>\u201cVOCI DAL BOSCO\u201d + aperitivo a km0<br>L\u2019ingresso \u00e8 gratuito<\/p>\n\n\n\n<p><strong><em>Cinema e diritti<\/em> \u2013 Luned\u00ec 27 marzo, ore 21<\/strong><br>SORRY WE MISSED YOU<br>un film di Ken Loach (2019)<br>L\u2019ingresso \u00e8 gratuito<\/p>\n\n\n\n<p>La rassegna, finanziata tramite il crowdfunding \u201cGreen Days CTMO\u201d, \u00e8 organizzata e ideata da Ratatoj APS, in collaborazione con il Comune di Saluzzo, con il contributo di Fondazione Compagnia di San Paolo, Fondazione Crc e Fondazione Crt.<br>Maggiori informazioni su www.cinemateatromagdaolivero.it<\/p>\n","protected":false},"excerpt":{"rendered":"<p>GREEN DAYS: cultura, arte e sostenibilit\u00e0Saluzzo, Cinema Teatro Magda Olivero La Sostenibilit\u00e0 va a TeatroPrima Edizione La sostenibilit\u00e0 declinata tramite diversi linguaggi: musica, teatro e cinema Si svolger\u00e0 dal 25 al 27 marzo la prima edizione del CTMO Green Days, un festival multidisciplinare dedicato al tema della sostenibilit\u00e0, organizzato e ideato da Ratatoj APS, in [&hellip;]<\/p>\n","protected":false},"author":1,"featured_media":783,"parent":0,"menu_order":0,"comment_status":"closed","ping_status":"closed","template":"","meta":[],"_links":{"self":[{"href":"https:\/\/www.ratatoj.it\/index.php\/wp-json\/wp\/v2\/pages\/773"}],"collection":[{"href":"https:\/\/www.ratatoj.it\/index.php\/wp-json\/wp\/v2\/pages"}],"about":[{"href":"https:\/\/www.ratatoj.it\/index.php\/wp-json\/wp\/v2\/types\/page"}],"author":[{"embeddable":true,"href":"https:\/\/www.ratatoj.it\/index.php\/wp-json\/wp\/v2\/users\/1"}],"replies":[{"embeddable":true,"href":"https:\/\/www.ratatoj.it\/index.php\/wp-json\/wp\/v2\/comments?post=773"}],"version-history":[{"count":5,"href":"https:\/\/www.ratatoj.it\/index.php\/wp-json\/wp\/v2\/pages\/773\/revisions"}],"predecessor-version":[{"id":887,"href":"https:\/\/www.ratatoj.it\/index.php\/wp-json\/wp\/v2\/pages\/773\/revisions\/887"}],"wp:featuredmedia":[{"embeddable":true,"href":"https:\/\/www.ratatoj.it\/index.php\/wp-json\/wp\/v2\/media\/783"}],"wp:attachment":[{"href":"https:\/\/www.ratatoj.it\/index.php\/wp-json\/wp\/v2\/media?parent=773"}],"curies":[{"name":"wp","href":"https:\/\/api.w.org\/{rel}","templated":true}]}}