{"id":847,"date":"2024-02-12T16:52:02","date_gmt":"2024-02-12T15:52:02","guid":{"rendered":"http:\/\/www.ratatoj.it\/?page_id=847"},"modified":"2024-04-22T16:22:38","modified_gmt":"2024-04-22T14:22:38","slug":"esprimere-futuri","status":"publish","type":"page","link":"https:\/\/www.ratatoj.it\/index.php\/esprimere-futuri\/","title":{"rendered":"Esprimere Futuri"},"content":{"rendered":"\n<p><em><strong>ESPRIMERE FUTURI &#8211; Pratiche culturali per riattivare la fiducia dei giovani Neet e per prevenire il rischio della dispersione scolastica<\/strong><\/em><\/p>\n\n\n\n<p>ESPRIMERE FUTURI promuove l\u2019educazione inclusiva di giovani dai 15 ai 29 anni, con pratiche <em>arts based<\/em> per immaginare nuovi scenari e stimolare il pensiero critico.<\/p>\n\n\n\n<p>Le azioni del progetto ESPRIMERE FUTURI saranno numerose in questo 2024:&nbsp;<\/p>\n\n\n\n<ul><li>tre laboratori di diversi linguaggi artistici, in sedi nei territori circostanti a Saluzzo, condotti da esperti nelle discipline dell\u2019audiovisivo, musica e teatro;<\/li><li>un Hackathon di riprogettazione degli spazi del Cinema Teatro Magda Olivero;&nbsp;<\/li><li>fruizione culturale gratuita e momenti di capacity building.<\/li><\/ul>\n\n\n\n<p><strong>OBIETTIVI GENERALI<\/strong><\/p>\n\n\n\n<ul><li>Fornire un&#8217;educazione di qualit\u00e0, equa ed inclusiva, favorendo spazi di confronto aperto con gli altri e di dialogo tra pari, utilizzando pratiche <em>arts based<\/em> di immaginazione di futuri possibili come strumento per stimolare il pensiero critico e per problematizzare il contesto in cui si vive immaginando nuovi scenari.<\/li><\/ul>\n\n\n\n<ul><li>Garantire opportunit\u00e0 di apprendimento permanente per tutti, promuovendo e sviluppando l\u2019integrazione sociale e l\u2019educazione inclusiva, anche attraverso interventi di accompagnamento e di inclusione a favore dei giovani Neet (dall&#8217;acronimo inglese di Not [engaged] in Education, Employment or Training).<\/li><\/ul>\n\n\n\n<ul><li>Assicurare la salute e il benessere per tutti e per tutte le et\u00e0, contrastando le condizioni di fragilit\u00e0 e di svantaggio al fine di intervenire sui fenomeni di marginalit\u00e0 e di esclusione sociale; sviluppando e rafforzando i legami sociali, all\u2019interno di aree urbane o extraurbane disgregate o disagiate; prevenendo e contrastando le dipendenze, inclusa la ludopatia.<\/li><\/ul>\n\n\n\n<p><strong>AZIONI&nbsp;<\/strong><\/p>\n\n\n\n<p>Dopo un primo periodo di coordinamento tra i soggetti culturali, sociali ed amministrativi attivi nel progetto, per determinare pratiche e metodologie di azione di ESPRIMERE FUTURI, si passa alla fase esecutiva che prevede attivit\u00e0 con gli scopi di prevenire la dispersione scolastica, implementando le attivit\u00e0 laboratoriali e di partecipazione attiva al di fuori delle istituzioni scolastiche.<\/p>\n\n\n\n<p><strong>Hackathon: laboratori di progettazione artistica e culturale | marzo 2024<\/strong><br>Gli studenti delle scuole secondarie di secondo grado parteciperanno a un laboratorio intensivo di progettazione degli spazi del Cinema Teatro Magda Olivero, in particolare dei due foyer e degli spazi accessori di aggregazione e di lavoro.<br>L\u2019Hackathon di progettazione artistica per l\u2019arredamento dello spazio sar\u00e0 concluso da un evento pubblico a marzo 2024, con la premiazione di una Giuria composta da esperti autorevoli negli ambiti di spazi di comunit\u00e0, architettura, design e artigianato.<\/p>\n\n\n\n<p><strong>Co-progettazione di contenuti culturali<\/strong><\/p>\n\n\n\n<p>L\u2019azione \u00e8 fondata sulla partecipazione dei giovani ed \u00e8 finalizzata alla ricostruzione del legame sociale e del senso di comunit\u00e0. A Saluzzo e nelle valli Po e Varaita si avviano laboratori di diversi linguaggi artistici, strumento creativo indispensabile per rappresentare la realt\u00e0 e i suoi fenomeni sociali, per comunicare stati d\u2019animo e per ridisegnare l\u2019immaginario collettivo.&nbsp;<\/p>\n\n\n\n<p><strong>Laboratorio di audiovisivo <\/strong>| IIS Soleri-Bertoni, Saluzzo | febbraio-marzo 2024<br>conduzione: Morena Terranova _ collettivo siamo elvira<\/p>\n\n\n\n<p><strong>Laboratorio residenziale di musica rap<\/strong> | Viso a Viso, Ostana | maggio 2024<br>conduzione: Luca Mascini aka Militant A _ Assalti Frontali<\/p>\n\n\n\n<p><strong>Laboratorio residenziale di teatro<\/strong> | Antagonisti, Melle | settembre 2024<br>conduzione: Teatro Selvatico&nbsp;<\/p>\n\n\n\n<p><strong>Capacity building e formazione<\/strong><\/p>\n\n\n\n<p>Sono previste azioni di formazione sugli strumenti artistici, sulla storia del teatro e sulle funzioni sociali e civiche degli spazi culturali, intesi come spazi di comunit\u00e0. La formazione \u00e8 rivolta ai volontari che gravitano intorno al Cinema Teatro Magda Olivero. Il capacity building \u00e8 dedicato agli studenti per fornire loro stimoli adeguati per realizzare l\u2019Hackathon.<\/p>\n\n\n\n<p><strong>Fruizione culturale<\/strong><em>&nbsp;<\/em><\/p>\n\n\n\n<p>I giovani coinvolti nel progetto avranno la possibilit\u00e0 di fruire gratuitamente delle iniziative artistiche proposte dalla rete dei partner e da altri soggetti culturali del territorio, favorendo cos\u00ec il contesto relazionale ed esperienziale.&nbsp;&nbsp;<\/p>\n\n\n\n<p><strong>Co-progettazione di iniziative culturali<\/strong><em>&nbsp;<\/em><\/p>\n\n\n\n<p>Attraverso l\u2019utilizzo dei linguaggi artistici si vuole stimolare ed incoraggiare i giovani a prendere impegni concreti ed a sperimentare le modalit\u00e0 del lavoro culturale, mettendo alla prova le competenze acquisite. Contestualmente i giovani ingaggiati, anche attraverso accordi specifici con gli enti culturali e le istituzioni del territorio, potranno essere inseriti a livello lavorativo da supporto all\u2019organizzazione di eventi, alla comunicazione di iniziative territoriali e al supporto logistico e amministrativo.&nbsp;<\/p>\n\n\n\n<p><strong>Comunicazione e Disseminazione<\/strong><br>Sviluppo di una strategia di comunicazione, in una logica <em>bottom up<\/em>, con i giovani coinvolti nelle iniziative di progetto in affiancamento agli enti collaboratori.&nbsp;<\/p>\n\n\n\n<p>Scopri di pi\u00f9 sulla campagna di sensibilizzazione \u201cPi\u00f9 creativit\u00e0, meno algoritmi\u201d (link)<\/p>\n\n\n\n<p><strong>ESPRIMERE FUTURI <\/strong>\u00e8 un progetto di <strong>Ratatoj Aps <\/strong>realizzato grazie al contributo <strong>del Ministero del lavoro e delle politiche sociali <\/strong>in collaborazione con <strong><em>Regione Piemonte<\/em> <\/strong>e con il sostegno di<strong> Fondazione CRC<\/strong>, in partnership con B612 Lab APS, Agenzia Piemonte Lavoro &#8211; Centro per l\u2019impiego di Saluzzo, Consorzio Monviso Solidale, Cooperativa Armonia, Cooperativa Caracol, Societ\u00e0 Solidale CSV di Cuneo, Segnal\u2019Etica, Antagonisti, Cooperativa Viso a Viso e con i comuni di Saluzzo, Ostana, Melle, Rifreddo, Verzuolo, Revello, Costigliole Saluzzo, Paesana, Isasca, Venasca.&nbsp;<\/p>\n","protected":false},"excerpt":{"rendered":"<p>ESPRIMERE FUTURI &#8211; Pratiche culturali per riattivare la fiducia dei giovani Neet e per prevenire il rischio della dispersione scolastica ESPRIMERE FUTURI promuove l\u2019educazione inclusiva di giovani dai 15 ai 29 anni, con pratiche arts based per immaginare nuovi scenari e stimolare il pensiero critico. Le azioni del progetto ESPRIMERE FUTURI saranno numerose in questo [&hellip;]<\/p>\n","protected":false},"author":1,"featured_media":895,"parent":0,"menu_order":0,"comment_status":"closed","ping_status":"closed","template":"","meta":[],"_links":{"self":[{"href":"https:\/\/www.ratatoj.it\/index.php\/wp-json\/wp\/v2\/pages\/847"}],"collection":[{"href":"https:\/\/www.ratatoj.it\/index.php\/wp-json\/wp\/v2\/pages"}],"about":[{"href":"https:\/\/www.ratatoj.it\/index.php\/wp-json\/wp\/v2\/types\/page"}],"author":[{"embeddable":true,"href":"https:\/\/www.ratatoj.it\/index.php\/wp-json\/wp\/v2\/users\/1"}],"replies":[{"embeddable":true,"href":"https:\/\/www.ratatoj.it\/index.php\/wp-json\/wp\/v2\/comments?post=847"}],"version-history":[{"count":4,"href":"https:\/\/www.ratatoj.it\/index.php\/wp-json\/wp\/v2\/pages\/847\/revisions"}],"predecessor-version":[{"id":894,"href":"https:\/\/www.ratatoj.it\/index.php\/wp-json\/wp\/v2\/pages\/847\/revisions\/894"}],"wp:featuredmedia":[{"embeddable":true,"href":"https:\/\/www.ratatoj.it\/index.php\/wp-json\/wp\/v2\/media\/895"}],"wp:attachment":[{"href":"https:\/\/www.ratatoj.it\/index.php\/wp-json\/wp\/v2\/media?parent=847"}],"curies":[{"name":"wp","href":"https:\/\/api.w.org\/{rel}","templated":true}]}}