{"id":883,"date":"2024-04-19T11:05:34","date_gmt":"2024-04-19T09:05:34","guid":{"rendered":"http:\/\/www.ratatoj.it\/?page_id=883"},"modified":"2024-08-01T12:14:54","modified_gmt":"2024-08-01T10:14:54","slug":"geen-days-ii-edizione-marzo-2024","status":"publish","type":"page","link":"https:\/\/www.ratatoj.it\/index.php\/geen-days-ii-edizione-marzo-2024\/","title":{"rendered":"Green Days, II edizione, marzo 2024"},"content":{"rendered":"\n<p>Al via per la sua seconda edizione \u201c<strong>Green Days: cultura, arte, sostenibilit\u00e0<\/strong>\u201d, organizzato da Ratatoj APS al Cinema Teatro Magda Olivero di Saluzzo. Gli appuntamenti del festival saranno un\u2019occasione per riflettere sul tema della sostenibilit\u00e0 trattata in tutte le sue sfaccettature e declinata nei linguaggi di musica, teatro e cinema. Il festival vedr\u00e0 nel mese di marzo una decina di appuntamenti, tra proiezioni ed incontri e si concluder\u00e0 il 22 marzo con il nuovissimo spettacolo di Massimiliano Loizzi \u201cStorie per la fine del mondo\u201d. Ratatoj APS vuole porre al centro la riflessione sui processi culturali che investono la societ\u00e0 contemporanea, proponendo linguaggi artistici e codici espressivi per contribuire allo sviluppo inclusivo e sostenibile. Lo fa partendo dal contesto provinciale e marginale delle Valli del Monviso, immaginando insieme alla comunit\u00e0 il cambiamento. L\u2019edizione 2024 del Green Days vuole essere un antidoto al greenwashing, trasformando&nbsp; il Cinema Teatro Magda Olivero in un presidio fisico e simbolico di sostenibilit\u00e0, intesa nelle sue accezioni: ambientale, sociale, economica. Il \u201ctrilemma\u201d diventa per la collettivit\u00e0 un percorso di consapevolezza ed una proposta di azione concreta. Per fare ci\u00f2 Ratatoj APS coinvolge istituzioni, realt\u00e0 culturali ed enti del terzo settore, locali e nazionali.<\/p>\n\n\n\n<p>Sar\u00e0 l\u2019ultimo appuntamento di \u201cMagda Groove\u201d a dare il via al mese dedicato alla sostenibilit\u00e0: Cristina Don\u00e0 e Saverio Lanza,&nbsp;<strong>sabato 2 marzo alle 21:30<\/strong>, porteranno sul palcoscenico saluzzese il loro nuovo tour \u201cSpiriti Guida\u201d. Ogni artista, nel corso della propria vita, incontra alcune opere di altri artisti che lo emozionano profondamente e spesso lo guidano, stimolandone l\u2019ispirazione o suggerendo una direzione artistica. Esiste dunque un sottile legame emotivo che connette artisti e musicisti di ogni genere e di ogni epoca, che costituisce uno dei motori all\u2019origine del mutare dell\u2019arte. L\u2019ambizione di Cristina e Saverio con \u201cSpiriti Guida\u201d \u00e8 quella di mettere in luce questa linea invisibile portando in scena uno spettacolo ricco ed eterogeneo, che accosta al repertorio di Cristina Don\u00e0 l\u2019opera di quegli artisti (gli spiriti guida appunto) che hanno nutrito la loro anima e contagiato il loro cammino.&nbsp;<\/p>\n\n\n\n<p><strong>Domenica 3 marzo alle 10<\/strong>&nbsp;si terr\u00e0 invece un focus group curato da UCCA (Unione dei Circoli Cinematografici Arci) nell\u2019ambito del progetto \u201cAmbiente e cultura per il cambiamento: la transizione verso nuovi luoghi dell\u2019audiovisivo\u201d e rivolto alle basi associative UCCA che operano in Piemonte, Liguria, Lombardia, Veneto, Emilia Romagna, Toscana.<\/p>\n\n\n\n<p>Il festival proseguir\u00e0 con una serie di appuntamenti cinematografici, a partire da&nbsp;<strong>luned\u00ec 4 marzo: alle 10&nbsp;<\/strong>verr\u00e0 proiettato \u201cMavka e la foresta incantata\u201d di Oleh Malamuzh e Oleksandra Ruban (2023) dedicato alle scuole primarie dell\u2019Istituto Comprensivo di Saluzzo.&nbsp;<strong>Luned\u00ec 18 marzo alle 10<\/strong>&nbsp;ci sar\u00e0 un altro appuntamento cinematografico dedicato alle&nbsp;scuole primarie: per l\u2019occasione verr\u00e0 proiettato \u201cBlu e Flippy \u2013 Amici per le pinne\u201d di&nbsp; Mohammad Kheyrandish (2023). Entrambe le proiezioni sono organizzate in collaborazione con AIACE Torino, nell\u2019ambito del Programma \u201cSiti naturali UNESCO e ZEA per l\u2019educazione ambientale\u201d promosso dal Ministero della Transizione Ecologica.<\/p>\n\n\n\n<p><strong>Alle 21<\/strong>&nbsp;di&nbsp;<strong>luned\u00ec 4 marzo<\/strong>&nbsp;verr\u00e0 proiettato \u201cAfter Work\u201d di Erik Gandini (2023) in collaborazione con UCCA: la pellicola si interroga sullo sviluppo della tecnologia e dell\u2019intelligenza artificiale e le ripercussioni sul nostro quotidiano lavorativo.&nbsp;<\/p>\n\n\n\n<p><strong>Marted\u00ec 12 marzo alle 18<\/strong>&nbsp;ci sar\u00e0 un incontro del Gruppo di Acquisto Solidale Ratatoj di distribuzione dei prodotti, selezionati secondo criteri di sostenibilit\u00e0 ambientale, sociale ed economica.&nbsp;<\/p>\n\n\n\n<p><strong>Dal 19 al 22 marzo<\/strong>&nbsp;il Cinema Teatro Magda Olivero di Saluzzo ospiter\u00e0 un Hackathon con gli studenti dell\u2019Istituto Soleri Bertoni: una maratona di quattro giorni per unire creativit\u00e0, sostenibilit\u00e0, tecnologia ed entusiasmo giovanile per ridisegnare gli spazi ibridi del Cinema Teatro. L\u2019hackathon si inserisce nell\u2019ambito del progetto \u201cEsprimere Futuri\u201d di Ratatoj APS.<\/p>\n\n\n\n<p><strong>Venerd\u00ec 22 marzo&nbsp;<\/strong>doppio appuntamento:&nbsp;<strong>alle 17<\/strong>&nbsp;ci sar\u00e0 un laboratorio di capacity building con ragazze e ragazzi dai 15 ai 25 anni (iscrizioni: info@ratatoj.it) sul tema ambiente e sostenibilit\u00e0, a cura di Massimiliano Loizzi. Anche questo appuntamento rientra nell\u2019ambito di \u201cEsprimere Futuri\u201d.&nbsp;<strong>Alle ore 21&nbsp;<\/strong>invece ci sar\u00e0 lo spettacolo di e con&nbsp;<strong>Massimiliano Loizzi<\/strong>&nbsp;\u201cStorie per la fine del mondo\u201d, in collaborazione con Mediterranea e Plastic free: volto del Terzo Segreto di Satira, stand-up comedian e autore, Loizzi presenter\u00e0 in anteprima a Saluzzo il suo nuovo travolgente spettacolo sui temi della sostenibilit\u00e0.<\/p>\n\n\n\n<p><strong>PROGRAMMA<\/strong><\/p>\n\n\n\n<p>Sabato 2 marzo \u2013 ore 21.30<br><strong>Cristina Don\u00e0 e Saverio Lanza&nbsp;&nbsp;<\/strong>in \u201cSpiriti Guida\u201d<br>Un concerto che celebra il legame emotivo tra artisti di diverse epoche e generi musicali.&nbsp; Un\u2019esperienza profonda e poetica che invita a scoprire la connessione invisibile tra le anime creative.<\/p>\n\n\n\n<p>Domenica 3 marzo \u2013 ore 10<br><strong>\u201cAmbiente e cultura per il cambiamento: la transizione verso nuovi luoghi dell\u2019audiovisivo\u201d<\/strong>&nbsp;a cura di UCCA&nbsp;(Unione Circoli CInematografici Arci)<br><strong>Focus Group<\/strong>&nbsp;rivolto alle basi associative UCCA che operano in Piemonte, Liguria, Lombardia, Veneto, Emilia Romagna, Toscana. Nell\u2019ambito dell\u2019Avviso TOCC Capacity building per gli operatori della cultura per gestire la transizione digitale e verde.<\/p>\n\n\n\n<p>Luned\u00ec 4&nbsp; marzo \u2013 ore 10<br><strong>Mavka e la foresta incantata&nbsp;<\/strong>di Oleh Malamuzh e Oleksandra Ruban (2023)<br>Proiezione dedicata alle scuole primarie dell\u2019Istituto Comprensivo di Saluzzo<br>Film di animazione. Mavka, uno spirito della natura, diviso tra l\u2019amore per Lucas e il suo dovere di proteggere la foresta dagli umani.&nbsp;Nell\u2019ambito del Programma \u201cSiti naturali UNESCO e ZEA per l\u2019educazione ambientale\u201d promosso dal Ministero della Transizione Ecologica.<br>In collaborazione con Aiace<\/p>\n\n\n\n<p>Luned\u00ec 4 marzo \u2013 ore 21<br>Proiezione:&nbsp;<strong>After Work&nbsp;<\/strong>di Erik Gandini (2023)<br>La tecnologia e l\u2019intelligenza artificiale portano l\u2019uomo a profonde riflessioni. Innanzitutto a ripensare il ruolo del lavoro nella vita. Queste realt\u00e0 la stiamo gi\u00e0 vivendo, ma come potrebbero trasformare la nostra esistenza tra qualche anno?<br>In collaborazione con UCCA \u2013 Rassegna itinerante \u201cL\u2019Italia che non si vede\u201d&nbsp;<\/p>\n\n\n\n<p>Marted\u00ec 12 marzo \u2013 ore 18<br><strong>Gruppo di Acquisto Solidale Ratatoj<br><\/strong>Incontro di distribuzione dei prodotti del GAS Ratatoj, selezionati secondo criteri di sostenibilit\u00e0 ambientale, sociale ed economica. La gestione del Gruppo di Acquisto Solidale \u00e8 completamente condivisa e democratica, per cui tutti gli appartenenti sono chiamati a partecipare e contribuire al suo sviluppo e alla sua crescita, perch\u00e9 questo GAS non \u00e8 n\u00e9 un supermercato n\u00e9 uno spaccio di prodotti di qualit\u00e0 a prezzi equi.&nbsp;info:&nbsp;<a href=\"mailto:gasratatoj@gmail.com\">gasratatoj@gmail.com<\/a><\/p>\n\n\n\n<p>Luned\u00ec 18&nbsp; marzo \u2013 ore 10<br><strong>Blu e Flippy \u2013 Amici per le pinne&nbsp;<\/strong>di&nbsp; Mohammad Kheyrandish (2023)<br>Proiezione dedicata alle scuole primarie dell\u2019Istituto Comprensivo di Saluzzo<br>Film di animazione. Una storia di amicizia nata in fondo al mare, dove un bambino e un delfino diventano inseparabili.&nbsp;Nell\u2019ambito del Programma \u201cSiti naturali UNESCO e ZEA per l\u2019educazione ambientale\u201d promosso dal Ministero della Transizione Ecologica.&nbsp;In collaborazione con Aiace<\/p>\n\n\n\n<p>Dal 19 al&nbsp; 22 Marzo<br><strong>Hackathon<br><\/strong>con gli studenti dell\u2019Istituto Soleri Bertoni<br>Una maratona di quattro giorni per unire creativit\u00e0, sostenibilit\u00e0, tecnologia ed entusiasmo giovanile per ridisegnare gli spazi non definiti del nostro amato Cinema Teatro.&nbsp;Nell\u2019ambito del progetto \u201cEsprimere Futuri\u201d di Ratatoj aps, realizzato grazie al contributo del Ministero del lavoro e delle politiche sociali in collaborazione con Regione Piemonte e con il sostegno di Fondazione CRC<\/p>\n\n\n\n<p>venerd\u00ec 22 marzo \u2013 ore 17<br><strong>Laboratorio e capacity building con i ragazzi sul tema ambiente e sostenibilit\u00e0<br><\/strong>a cura di Massimiliano Loizzi<br>Nell\u2019ambito del progetto \u201cEsprimere Futuri\u201d di Ratatoj aps<br>dai 15 ai 25 anni \u2013 iscrizioni. info@ratatoj.it<\/p>\n\n\n\n<p>venerd\u00ec 22 marzo \u2013 ore 21<br><strong>\u201cStorie per la fine del mondo\u201d<br><\/strong><em><strong>di e con Massimiliano Loizzi<br><\/strong><\/em>Massimiliano Loizzi, volto del Terzo Segreto di Satira, stand-up comedian, autore e scrittore, presenter\u00e0 in anteprima a Saluzzo il suo nuovo travolgente spettacolo sui temi della sostenibilit\u00e0. In collaborazione con Mediterranea e Plastic free.<\/p>\n\n\n\n<p><em>\u201cGreen Days\u201d \u00e8 un progetto di Ratatoj APS<\/em><\/p>\n","protected":false},"excerpt":{"rendered":"<p>Al via per la sua seconda edizione \u201cGreen Days: cultura, arte, sostenibilit\u00e0\u201d, organizzato da Ratatoj APS al Cinema Teatro Magda Olivero di Saluzzo. Gli appuntamenti del festival saranno un\u2019occasione per riflettere sul tema della sostenibilit\u00e0 trattata in tutte le sue sfaccettature e declinata nei linguaggi di musica, teatro e cinema. Il festival vedr\u00e0 nel mese [&hellip;]<\/p>\n","protected":false},"author":1,"featured_media":891,"parent":0,"menu_order":0,"comment_status":"closed","ping_status":"closed","template":"","meta":[],"_links":{"self":[{"href":"https:\/\/www.ratatoj.it\/index.php\/wp-json\/wp\/v2\/pages\/883"}],"collection":[{"href":"https:\/\/www.ratatoj.it\/index.php\/wp-json\/wp\/v2\/pages"}],"about":[{"href":"https:\/\/www.ratatoj.it\/index.php\/wp-json\/wp\/v2\/types\/page"}],"author":[{"embeddable":true,"href":"https:\/\/www.ratatoj.it\/index.php\/wp-json\/wp\/v2\/users\/1"}],"replies":[{"embeddable":true,"href":"https:\/\/www.ratatoj.it\/index.php\/wp-json\/wp\/v2\/comments?post=883"}],"version-history":[{"count":4,"href":"https:\/\/www.ratatoj.it\/index.php\/wp-json\/wp\/v2\/pages\/883\/revisions"}],"predecessor-version":[{"id":901,"href":"https:\/\/www.ratatoj.it\/index.php\/wp-json\/wp\/v2\/pages\/883\/revisions\/901"}],"wp:featuredmedia":[{"embeddable":true,"href":"https:\/\/www.ratatoj.it\/index.php\/wp-json\/wp\/v2\/media\/891"}],"wp:attachment":[{"href":"https:\/\/www.ratatoj.it\/index.php\/wp-json\/wp\/v2\/media?parent=883"}],"curies":[{"name":"wp","href":"https:\/\/api.w.org\/{rel}","templated":true}]}}