{"id":966,"date":"2025-03-01T17:14:37","date_gmt":"2025-03-01T16:14:37","guid":{"rendered":"http:\/\/www.ratatoj.it\/?page_id=966"},"modified":"2025-03-01T17:14:37","modified_gmt":"2025-03-01T16:14:37","slug":"green-days-festival-2025","status":"publish","type":"page","link":"https:\/\/www.ratatoj.it\/index.php\/green-days-festival-2025\/","title":{"rendered":"Green Days Festival 2025"},"content":{"rendered":"\n<p><strong>arte cultura e sostenibilit\u00e0<\/strong><br><strong>Saluzzo &#8211; Ostana<\/strong> &#8211; dal 7 al  31 <strong>Marzo 2025<\/strong><\/p>\n\n\n\n<p><strong>Sito del festival: <a rel=\"noreferrer noopener\" href=\"https:\/\/greendaysfestival.it\/\" target=\"_blank\">https:\/\/greendaysfestival.it\/<\/a><\/strong> (info e prenotazioni)<\/p>\n\n\n\n<p><strong><em>organizzato da:<\/em><\/strong> Ratatoj aps<br><strong><em>in collaborazione con:<\/em><\/strong> Earth.fm (Estonia), Scuderia Zagreb (Croazia), ARCI Piemonte, Comune di Saluzzo, Dispari Teatro, UCCA Unione Circoli Cinematografici Arci, AIACE Torino, B612 Lab, Jazz is Dead!, Comune di Ostana, Rifugio Galaberna<br><strong><em>con il contributo di:<\/em><\/strong> European Cultural Foundation\/Culture of Solidarity Fund, Fondazione Sviluppo e Crescita CRT, Fondazione CRC<br><strong><em>realizzato grazie al crowdfunding<\/em> Green Days\u00a0<\/strong><br><strong><em>media partner<\/em><\/strong>: Italia che Cambia<br>Green Days festival sostiene: Robin Wood<\/p>\n\n\n\n<hr class=\"wp-block-separator\"\/>\n\n\n\n<p><strong>Green Days Festival 2025: Presentazione<\/strong><strong><br><\/strong><strong>Cultura, Arte e Sostenibilit\u00e0<\/strong><\/p>\n\n\n\n<p>Dal 7 al 31 marzo il Cinema Teatro Magda Olivero di Saluzzo ospiter\u00e0 per il terzo anno consecutivo il <strong>Green Days Festival<\/strong>, organizzato da <strong>Ratatoj APS<\/strong> con l\u2019obiettivo di <strong>riflettere insieme sulla Sostenibilit\u00e0<\/strong>. Dal 2023 il festival esplora il trilemma della sostenibilit\u00e0 (<strong>ambientale, sociale ed economica) <\/strong>attraverso i <strong>linguaggi della musica, del cinema, del teatro e dell\u2019arte. <\/strong>Un momento di incontro dove le <strong>comunit\u00e0 si connettono<\/strong>, sviluppano consapevolezza e immaginano insieme un futuro pi\u00f9 sostenibile. Cultura e sostenibilit\u00e0 diventano strumenti di <strong>crescita collettiva<\/strong>. Ratatoj promuove una <strong>nuova cultura della sostenibilit\u00e0<\/strong>, che si traduce in azioni concrete e collettive. <strong>Green Days Festival non \u00e8 solo un evento, ma un processo<\/strong>: un laboratorio di idee, pratiche e collaborazioni per la tutela dei beni comuni, dall\u2019ambiente alle comunit\u00e0, in un\u2019ottica di partecipazione attiva e trasformazione condivisa.&nbsp;<\/p>\n\n\n\n<p>La terza edizione del <strong>Green Days Festival<\/strong> celebra l&#8217;incontro tra arte, cultura e rispetto per l&#8217;ambiente, con l&#8217;obiettivo di generare consapevolezza e promuovere azioni concrete.<\/p>\n\n\n\n<p>Quest&#8217;anno Ratatoj ha scelto di collaborare con il progetto <strong>RobinWood<\/strong>, impegnato nella tutela e cura dei boschi del nostro territorio. Grazie a questa sinergia, possiamo lavorare per <strong>ricostruire il legame con la terra<\/strong>, riportando attenzione e vita agli spazi naturali che ci circondano da generazioni. Durante il mese del festival si raccoglieranno donazioni per contribuire alla creazione del <strong>&#8220;Bosco di Ratatoj&#8221;<\/strong>,&nbsp; un impegno concreto per prenderci cura del mondo che abitiamo.<\/p>\n\n\n\n<p>Il <strong>Green Days Festival 2025<\/strong> \u00e8 molto pi\u00f9 di un semplice evento: \u00e8 un\u2019esperienza immersiva che unisce arte, cultura e azioni pratiche, offrendo spazi di riflessione e coinvolgimento per tutte le generazioni.<\/p>\n\n\n\n<p><strong>Un festival per tutt\u0259<\/strong>: dai laboratori, agli spettacoli teatrali e musicali, al cinema, passando per installazioni artistiche e incontri formativi, il Green Days Festival \u00e8 un invito aperto a chiunque desideri <strong>immaginare e costruire un futuro pi\u00f9 equo, inclusivo e sostenibile<\/strong>.<\/p>\n\n\n\n<p>Tra le novit\u00e0 di questa edizione, evidenziamo la partecipazione di partner europei: le installazioni sonore di Earth.fm, che catturano suoni della natura da tutto il mondo, e la mostra digitale di Scuderia Zagreb, focalizzata sull&#8217;arte contemporanea e la sostenibilit\u00e0.&nbsp;<\/p>\n\n\n\n<p>Tra i momenti salienti: la collaborazione con il festival Jazz Is Dead!,&nbsp; la proiezione di documentari sul cambiamento climatico e la slow fashion, le attivit\u00e0 nel comune di Ostana.<\/p>\n\n\n\n<p>A proposito della nuova edizione del festival, Massimiliano Flora. Direttore artistico del festival dichiara: \u201c<em>Per il terzo anno consecutivo il Green Days Festival diventa il palcoscenico di un percorso condiviso. Questa edizione celebra la contaminazione tra linguaggi artistici: la musica, il cinema, il teatro, la danza e le arti visive non sono solo strumenti di espressione, ma anche leve potenti per stimolare consapevolezza, mobilitare comunit\u00e0 e generare impatti positivi e duraturi.<\/em> <em>Green Days Festival 2025 accoglie con entusiasmo partner europei e nazionali, testimoniando come la rete di connessioni tra realt\u00e0 artistiche e culturali possa generare nuove prospettive e sinergie. Dalle installazioni sonore di Earth.fm alle opere multimediali di Art Zagreb, fino alla collaborazione con Jazz is Dead!, ogni contributo arricchisce il nostro percorso e amplifica il messaggio del festival. Grazie a tutti coloro che rendono possibile questa esperienza, dalle istituzioni ai partner, dai sostenitori ai partecipanti. Che questo festival possa essere un seme di cambiamento, capace di incidere nelle nostre scelte quotidiane e nei nostri progetti futuri<\/em>\u201d.<\/p>\n\n\n\n<p>Tutte gli eventi e le informazioni saranno disponibili anche sul sito: <a href=\"http:\/\/www.greendaysfestival.it\">www.greendaysfestival.it<\/a>&nbsp;<\/p>\n\n\n\n<p><strong><em>\u2014&#8212;&#8212;&#8212;&#8212;&#8212;&#8212;&#8212;&#8212;&#8212;&#8212;<\/em><\/strong><\/p>\n\n\n\n<p><strong>DURANTE TUTTO IL FESTIVAL<\/strong><\/p>\n\n\n\n<p><strong>FOYER &#8211; Cinema Teatro Magda Olivero<\/strong><br><strong>Installazione Sonora<\/strong> a cura di <strong>Earth.fm (Estonia)<\/strong> Earth.fm \u00e8 un\u2019iniziativa no-profit nata in Estonia per raccogliere i suoni della natura da tutto il pianeta. Oltre 150 persone in tutto il mondo collaborano al progetto per rendere questo archivio sempre pi\u00f9 ricco.\u00a0><br><strong>Opere multimediali <\/strong>a cura di <strong>\u00a0Scuderia Zagreb (Croazia)<\/strong> Art Zagreb \u00e8 una delle principali fiere d\u2019arte della Croazia: ha come obiettivo quello di valorizzare l\u2019arte contemporanea locale e promuoverla nel mondo. A Saluzzo presenta installazioni di video arte su tematiche ambientali.<\/p>\n\n\n\n<p><strong>Liberazione Creativa<\/strong>: Distribuzione dei <strong>Segnalibri <\/strong>realizzati dai ragazzi delle scuole dell&#8217;infanzia e delle scuole secondarie di primo grado durante i laboratori &#8216;Atelier Creativo &#8211; Mani che sognano&#8217;, nell&#8217;ambito del progetto <em>Liberazione Creativa<\/em> di Ratatoj APS.\u00a0<\/p>\n\n\n\n<p><strong>PROGRAMMA 2025<\/strong><\/p>\n\n\n\n<p><strong>venerd\u00ec 7 marzo &#8211; ore 21.30<\/strong><br><strong><em>Spettacolo musicale<\/em><\/strong>: <strong>Detonazione<\/strong><br>Detonazione \u00e8 uno spettacolo, voce e contrabbasso, scritto e interpretato da Carlotta Sarina, nota come Lotta, giovane musicista e attivista. \u00c8 composto da tre pi\u00e8ce teatrali, una sulla musica come lotta, una sul riscaldamento globale e una sul fast fashion.\u00a0<\/p>\n\n\n\n<p><strong><em>Cinema<\/em><\/strong><br>Luned\u00ec 10 Marzo &#8211; ore 21<br><strong>Come se non ci fosse un domani<\/strong><br>Regia di Riccardo Cremona, Matteo Keffer (Italia &#8211; 2024)<br>Il movimento non violento impegnato nel tentativo di fermare il disastro climatico che ci coinvolge tutti. L&#8217;ultima generazione in grado di farlo.<\/p>\n\n\n\n<p><strong><em>Gruppo Acquisto Solidale\u00a0<\/em><\/strong><br><em>Mercoled\u00ec 12 marzo &#8211; ore 18<\/em><br><em>Distribuzione agrumi &#8211; SOS Rosarno<br><\/em>Il Gruppo di Acquisto Solidale (GAS) Ratatoj, nato nel 2011, supporta SOS Rosarno, un\u2019associazione che promuove la solidariet\u00e0 e l\u2019agricoltura biologica. ll GAS Ratatoj sostiene questo modello sostenibile, distribuendone i prodotti, come gli agrumi, per un\u2019economia pi\u00f9 equa e responsabile.<\/p>\n\n\n\n<p><strong><em>Teatro Ragazzi\u00a0<\/em><\/strong><br>Domenica 16 Marzo &#8211; ore 17<br><strong>Il bambino e la formica<\/strong><br>\u00c8 una favola, che ha una morale sottesa e una esplicita. La morale sottesa \u00e8 che il lavoro non \u00e8 una peculiarit\u00e0 dei bambini, che lo sfruttamento \u00e8 un reato e che il sistema globale di reperimento delle risorse minerarie per l&#8217;avanzamento tecnologico e l&#8217;iperproduttivit\u00e0 ai fini del profitto genera morte. La morale esplicita \u00e8 che i bambini devono sognare, devono giocare, devono poter immaginare il mondo e quello che non c&#8217;\u00e8.<br><em>in collaborazione con Melarancio\/ DispariTeatro, una produzione di Fontemaggiore Teatro &#8211; Dai 5 anni<\/em><\/p>\n\n\n\n<p><strong><em>Musica<\/em><\/strong><br>Venerd\u00ec 21 Marzo &#8211; ore 21.30<br><strong>Anteprima Festival Jazz is Dead!\u00a0<\/strong><br><strong>Nino Gvilia<\/strong><br><strong>Indianizer<\/strong><br><em>Evento speciale in coproduzione con JAZZ IS DEAD!, il festival dell\u2019<\/em><strong><em>ARCI Torino<\/em><\/strong><em>, punto di riferimento della scena musicale sperimentale e alternativa nazionale e internazionale.<br>Condividiamo i valori di inclusione e accessibilit\u00e0, facendo dell&#8217;arte e della cultura strumenti di cambiamento.<\/em><\/p>\n\n\n\n<p><strong><em>Ostana<\/em><\/strong><br>Sabato 22 Marzo &#8211; ore 15\u00a0<br><strong>Passeggiata nel bosco + apericena sostenibile + film \u201cCome non ci fosse un domani\u201d<\/strong><br>Rifugio Galaberna &#8211; passeggiata nel Bosco di Ratatoj, adottato grazie al progetto Robin Wood, seguita da apericena con prodotti locali&amp;sostenibili presso Rifugio Galaberna e dalla proiezione del film \u201cCome se non ci fosse un domani\u201d.<br>Euro 18 <br>Passeggiata ore 15 &#8211; <em>Apericena\u00a0 sostenibile ore 18.30<\/em> &#8211; <em>Prenotazione obbligatoria: 0175940310 <br>Inizio film ore 21<\/em><\/p>\n\n\n\n<p><strong><em>Cinema Scuole<\/em><\/strong><br>Luned\u00ec 24\u00a0 Marzo &#8211; ore 9<br><strong>La Crociata<\/strong><br>Regia di Louis Garrel (Francia &#8211; 2021)<br>Una storia di bambini appassionati di ecologia. I figli fanno il processo ai genitori e gli presentano il conto. Salato. Tormentati dagli ormoni e disgustati dall&#8217;inerzia dei grandi, vogliono cambiare il mondo.<\/p>\n\n\n\n<p><strong><em>Danza<\/em><\/strong><br>Venerd\u00ec 28 Marzo &#8211; ore 21.30<br><strong>Red Fryk Hey in Without\u00a0<\/strong><br><strong>Sinapsi Italian Dance Company in Illusion of Bliss<\/strong><br>Una serata che unisce <strong>danza street, contemporanea e sperimentale <\/strong>con le coreografie di Red Fry Hey. I temi trattati includono la sostenibilit\u00e0 sociale, il benessere mentale e la giustizia sociale, offrendo una performance che stimola riflessione e consapevolezza<\/p>\n\n\n\n<p><strong><em>Laboratorio<\/em><\/strong><br>Sabato 29 marzo &#8211; ore 15<br><strong>Workshop Eco Printing con Luc\u00eca Chain<br><\/strong>Luc\u00eca Chain, designer italo-argentina riconosciuta a livello internazionale, condurr\u00e0 il workshop per scoprire la tecnica dell&#8217;eco-printing su tessuti. Durante il laboratorio, si imparer\u00e0 come utilizzare materiali naturali come foglie, fiori e buccia di cipolla per creare design unici su tote bags in cotone. Adatto a tutti, il workshop esplorer\u00e0 la sostenibilit\u00e0 e l&#8217;uso di coloranti organici, offrendo un&#8217;esperienza creativa e pratica.<br><em>Durata: 2 ore<br>Materiali forniti: tote bags, latte di soia, materiale organico, strumenti per la stampa.<br>Iscrizione 20 euro &#8211; posti limitati\u00a0<\/em><\/p>\n\n\n\n<p><strong><em>Cinema Famiglie <\/em><\/strong><br>Domenica 30 Marzo &#8211; ore 16<br><strong>Emma e il giaguaro nero<\/strong><br>di Gilles de Maistre (Francia, Canada, Italia &#8211; 2024)<br>Emma, un&#8217;adolescente cresciuta in Amazzonia con genitori ambientalisti, vive a New York dopo la morte della madre. Quando scopre che il giaguaro nero con cui \u00e8 cresciuta \u00e8 minacciato dai bracconieri, inventa una scusa e parte per salvarlo.<br><em>In collaborazione con AIACE Torino &#8211; Progetto Ritorno al Cinema<\/em><\/p>\n\n\n\n<p><strong><em>Cinema<\/em><\/strong><br>Luned\u00ec 31 Marzo &#8211; ore 21<br><strong>Intrecci Etici &#8211; La rivoluzione della moda sostenibile in Italia\u00a0<\/strong><br>di Lucia Mauri e Lorenzo Malavolta (Italia &#8211; 2021)<br>Racconta il movimento della slow fashion in Italia per sensibilizzare le persone attorno ad un tema fondamentale e dimostrare che \u00e8 sempre possibile fare scelte pi\u00f9 responsabili.<\/p>\n\n\n\n<p><strong><em>\u2014&#8212;&#8212;&#8212;&#8212;&#8212;&#8212;&#8212;&#8212;&#8212;&#8212;<\/em><\/strong><\/p>\n\n\n\n<h2><strong>Il bosco di Ratatoj<\/strong><\/h2>\n\n\n\n<h2><strong><em>Ratatoj e il Green Days Festival per la Rigenerazione della Foresta<\/em><\/strong><\/h2>\n\n\n\n<p>Per dimostrare il nostro impegno concreto nella lotta al cambiamento climatico e nella tutela della biodiversit\u00e0, <strong>Ratatoj APS<\/strong>, in collaborazione con il <strong>Green Days Festival<\/strong>, ha avviato una partnership con <strong>Robin Wood<\/strong>, adottando una porzione del bosco <em>Serre di Ostana<\/em>, in Alta Valle Po. Grazie a questa iniziativa, abbiamo contribuito alla rigenerazione di <strong>500 metri quadri di foresta<\/strong>, sostenendo la rinaturalizzazione dei pascoli arborati e la protezione delle zone umide, ecosistemi fragili ma fondamentali per la biodiversit\u00e0.<\/p>\n\n\n\n<h3><strong>Partecipa anche tu con una &#8220;Forest Gift&#8221;!<\/strong><\/h3>\n\n\n\n<p>Vogliamo ampliare l\u2019impatto di questo progetto e far crescere la <strong>foresta di comunit\u00e0<\/strong>. Per questo, invitiamo soci e partecipanti agli eventi del Green Days Festival a contribuire con una <strong>Forest Gift<\/strong>:<\/p>\n\n\n\n<p>\ud83c\udf3f <strong>Con soli 1,50\u20ac puoi aumentare di 1 mq il bosco custodito da Ratatoj!<\/strong><\/p>\n\n\n\n<p>Le donazioni potranno essere effettuate durante tutti gli eventi al <strong>Cinema Teatro Magda Olivero<\/strong>.<\/p>\n\n\n\n<p>Unisciti a noi nella cura e nella protezione di questo prezioso patrimonio naturale. <strong>Ogni contributo conta!<\/strong><\/p>\n\n\n\n<p><strong>Insieme possiamo fare la differenza.<\/strong> \ud83d\udc9a\ud83c\udf0d<\/p>\n\n\n\n<p><strong>Greendays festival<br><\/strong>organizzato da Ratatoj Aps<br>Direzione artistica e comunicazione: Massimiliano Flora<br>Gruppo Acquisto Solidale: Nicol\u00f2 Valenzano<br>Coordinamento laboratori: Federica Lavisio<br>Coordinamento cinema: Beatrice Bertino<br>Ufficio stampa: Giulia Basso<br>Grafica e illustrazioni: Valeria Cardetti<br>Staff organizzativo: Fabio Berardo, Gabriele Pappalardo, Francesco Damilano, Silvia Lombardi, Giulia Rubiolo, Francesca Chiara, Federica Berardi, Fabio Chiappello, Andrea Leonessa<\/p>\n","protected":false},"excerpt":{"rendered":"<p>arte cultura e sostenibilit\u00e0Saluzzo &#8211; Ostana &#8211; dal 7 al 31 Marzo 2025 Sito del festival: https:\/\/greendaysfestival.it\/ (info e prenotazioni) organizzato da: Ratatoj apsin collaborazione con: Earth.fm (Estonia), Scuderia Zagreb (Croazia), ARCI Piemonte, Comune di Saluzzo, Dispari Teatro, UCCA Unione Circoli Cinematografici Arci, AIACE Torino, B612 Lab, Jazz is Dead!, Comune di Ostana, Rifugio Galabernacon [&hellip;]<\/p>\n","protected":false},"author":1,"featured_media":967,"parent":0,"menu_order":0,"comment_status":"closed","ping_status":"closed","template":"","meta":[],"_links":{"self":[{"href":"https:\/\/www.ratatoj.it\/index.php\/wp-json\/wp\/v2\/pages\/966"}],"collection":[{"href":"https:\/\/www.ratatoj.it\/index.php\/wp-json\/wp\/v2\/pages"}],"about":[{"href":"https:\/\/www.ratatoj.it\/index.php\/wp-json\/wp\/v2\/types\/page"}],"author":[{"embeddable":true,"href":"https:\/\/www.ratatoj.it\/index.php\/wp-json\/wp\/v2\/users\/1"}],"replies":[{"embeddable":true,"href":"https:\/\/www.ratatoj.it\/index.php\/wp-json\/wp\/v2\/comments?post=966"}],"version-history":[{"count":1,"href":"https:\/\/www.ratatoj.it\/index.php\/wp-json\/wp\/v2\/pages\/966\/revisions"}],"predecessor-version":[{"id":968,"href":"https:\/\/www.ratatoj.it\/index.php\/wp-json\/wp\/v2\/pages\/966\/revisions\/968"}],"wp:featuredmedia":[{"embeddable":true,"href":"https:\/\/www.ratatoj.it\/index.php\/wp-json\/wp\/v2\/media\/967"}],"wp:attachment":[{"href":"https:\/\/www.ratatoj.it\/index.php\/wp-json\/wp\/v2\/media?parent=966"}],"curies":[{"name":"wp","href":"https:\/\/api.w.org\/{rel}","templated":true}]}}