{"id":985,"date":"2025-06-03T17:11:47","date_gmt":"2025-06-03T15:11:47","guid":{"rendered":"http:\/\/www.ratatoj.it\/?page_id=985"},"modified":"2025-06-03T17:11:47","modified_gmt":"2025-06-03T15:11:47","slug":"valutazione-ambientale-dei-flussi-di-mobilita-del-pubblico","status":"publish","type":"page","link":"https:\/\/www.ratatoj.it\/index.php\/valutazione-ambientale-dei-flussi-di-mobilita-del-pubblico\/","title":{"rendered":"Valutazione Ambientale dei Flussi di Mobilit\u00e0 del Pubblico"},"content":{"rendered":"\n<p>Ratatoj Aps lancia un\u2019indagine rivolta al proprio pubblico del Cinema Teatro Magda Olivero di Saluzzo per comprendere meglio le modalit\u00e0 di spostamento degli spettatori in occasione degli eventi culturali. Attraverso un breve <strong>questionario online<\/strong>, sar\u00e0 possibile raccogliere dati utili a <strong>stimare l\u2019impatto ambientale complessivo associato alla mobilit\u00e0<\/strong> e, di conseguenza, progettare azioni concrete per migliorare la sostenibilit\u00e0 del teatro.<\/p>\n\n\n\n<p><strong>Perch\u00e9 \u00e8 importante partecipare?<\/strong><br>Conoscere come gli spettatori si recano al teatro \u2013 se a piedi, in auto, in bici, con i mezzi pubblici o in carpooling \u2013 \u00e8 fondamentale per calcolare l\u2019impronta ecologica legata agli spostamenti e sviluppare strategie volte a ridurre le emissioni di CO\u2082. L\u2019obiettivo \u00e8 <strong>promuovere forme di mobilit\u00e0 sostenibili<\/strong> e rendere l\u2019esperienza culturale sempre pi\u00f9 attenta all\u2019ambiente.<\/p>\n\n\n\n<p>I dati raccolti saranno <strong>anonimi<\/strong> e utilizzati esclusivamente a fini di <strong>analisi ambientale<\/strong>.<\/p>\n\n\n\n<p>\ud83d\udc49 <strong><a rel=\"noreferrer noopener\" href=\"https:\/\/docs.google.com\/forms\/d\/e\/1FAIpQLScIflCOhsm0oB4JCywRAhWeVTxgaP2H_Uq-S_d7bmYSB6qPng\/viewform?usp=sharing&amp;ouid=100419614433383307941\" target=\"_blank\">PARTECIPA AL QUESTIONARIO CLICCANDO QUI<\/a><\/strong> <br>(entro il 30 luglio 2025)<\/p>\n\n\n\n<p>Il questionario rientra nel progetto <strong>NextGenYou<\/strong>, realizzato grazie al contributo della <strong>Fondazione Compagnia di San Paolo<\/strong>, nell\u2019ambito delle iniziative per la sostenibilit\u00e0 e la responsabilit\u00e0 ambientale nelle attivit\u00e0 culturali di Ratatoj Aps.<\/p>\n","protected":false},"excerpt":{"rendered":"<p>Ratatoj Aps lancia un\u2019indagine rivolta al proprio pubblico del Cinema Teatro Magda Olivero di Saluzzo per comprendere meglio le modalit\u00e0 di spostamento degli spettatori in occasione degli eventi culturali. Attraverso un breve questionario online, sar\u00e0 possibile raccogliere dati utili a stimare l\u2019impatto ambientale complessivo associato alla mobilit\u00e0 e, di conseguenza, progettare azioni concrete per migliorare [&hellip;]<\/p>\n","protected":false},"author":1,"featured_media":874,"parent":0,"menu_order":0,"comment_status":"closed","ping_status":"closed","template":"","meta":[],"_links":{"self":[{"href":"https:\/\/www.ratatoj.it\/index.php\/wp-json\/wp\/v2\/pages\/985"}],"collection":[{"href":"https:\/\/www.ratatoj.it\/index.php\/wp-json\/wp\/v2\/pages"}],"about":[{"href":"https:\/\/www.ratatoj.it\/index.php\/wp-json\/wp\/v2\/types\/page"}],"author":[{"embeddable":true,"href":"https:\/\/www.ratatoj.it\/index.php\/wp-json\/wp\/v2\/users\/1"}],"replies":[{"embeddable":true,"href":"https:\/\/www.ratatoj.it\/index.php\/wp-json\/wp\/v2\/comments?post=985"}],"version-history":[{"count":3,"href":"https:\/\/www.ratatoj.it\/index.php\/wp-json\/wp\/v2\/pages\/985\/revisions"}],"predecessor-version":[{"id":988,"href":"https:\/\/www.ratatoj.it\/index.php\/wp-json\/wp\/v2\/pages\/985\/revisions\/988"}],"wp:featuredmedia":[{"embeddable":true,"href":"https:\/\/www.ratatoj.it\/index.php\/wp-json\/wp\/v2\/media\/874"}],"wp:attachment":[{"href":"https:\/\/www.ratatoj.it\/index.php\/wp-json\/wp\/v2\/media?parent=985"}],"curies":[{"name":"wp","href":"https:\/\/api.w.org\/{rel}","templated":true}]}}